{"id":60,"date":"2023-02-23T21:34:38","date_gmt":"2023-02-23T21:34:38","guid":{"rendered":"https:\/\/greenglam.at\/?page_id=60"},"modified":"2024-12-06T10:05:23","modified_gmt":"2024-12-06T10:05:23","slug":"news-and-events","status":"publish","type":"page","link":"https:\/\/greenglam.at\/en\/news-and-events\/","title":{"rendered":"News and Events"},"content":{"rendered":"<p><div id=\"events\" class=\"fusion-container-anchor\"><div class=\"fusion-fullwidth fullwidth-box fusion-builder-row-1 fusion-flex-container has-pattern-background has-mask-background nonhundred-percent-fullwidth non-hundred-percent-height-scrolling\" style=\"--awb-border-radius-top-left:0px;--awb-border-radius-top-right:0px;--awb-border-radius-bottom-right:0px;--awb-border-radius-bottom-left:0px;--awb-padding-top:30px;--awb-padding-bottom:30px;--awb-background-color:rgba(229,229,229,0.44);--awb-flex-wrap:wrap;\" ><div class=\"fusion-builder-row fusion-row fusion-flex-align-items-flex-start fusion-flex-content-wrap\" style=\"max-width:1248px;margin-left: calc(-4% \/ 2 );margin-right: calc(-4% \/ 2 );\"><div class=\"fusion-layout-column fusion_builder_column fusion-builder-column-0 fusion_builder_column_1_1 1_1 fusion-flex-column\" style=\"--awb-bg-size:cover;--awb-width-large:100%;--awb-margin-top-large:0px;--awb-spacing-right-large:1.92%;--awb-margin-bottom-large:20px;--awb-spacing-left-large:1.92%;--awb-width-medium:100%;--awb-order-medium:0;--awb-spacing-right-medium:1.92%;--awb-spacing-left-medium:1.92%;--awb-width-small:100%;--awb-order-small:0;--awb-spacing-right-small:1.92%;--awb-spacing-left-small:1.92%;\"><div class=\"fusion-column-wrapper fusion-column-has-shadow fusion-flex-justify-content-flex-start fusion-content-layout-column\"><div class=\"fusion-title title fusion-title-1 fusion-sep-none fusion-title-text fusion-title-size-two\"><h2 class=\"fusion-title-heading title-heading-left\" style=\"margin:0;\">Upcoming Events<\/h2><\/div><\/div><\/div><\/div><\/div><\/div><div id=\"news\" class=\"fusion-container-anchor\"><div class=\"fusion-fullwidth fullwidth-box fusion-builder-row-2 fusion-flex-container has-pattern-background has-mask-background nonhundred-percent-fullwidth non-hundred-percent-height-scrolling\" style=\"--awb-border-radius-top-left:0px;--awb-border-radius-top-right:0px;--awb-border-radius-bottom-right:0px;--awb-border-radius-bottom-left:0px;--awb-padding-top:30px;--awb-padding-bottom:30px;--awb-margin-bottom:30px;--awb-flex-wrap:wrap;\" ><div class=\"fusion-builder-row fusion-row fusion-flex-align-items-flex-start fusion-flex-content-wrap\" style=\"max-width:1248px;margin-left: calc(-4% \/ 2 );margin-right: calc(-4% \/ 2 );\"><div class=\"fusion-layout-column fusion_builder_column fusion-builder-column-1 fusion_builder_column_1_1 1_1 fusion-flex-column\" style=\"--awb-bg-size:cover;--awb-width-large:100%;--awb-margin-top-large:0px;--awb-spacing-right-large:1.92%;--awb-margin-bottom-large:20px;--awb-spacing-left-large:1.92%;--awb-width-medium:100%;--awb-order-medium:0;--awb-spacing-right-medium:1.92%;--awb-spacing-left-medium:1.92%;--awb-width-small:100%;--awb-order-small:0;--awb-spacing-right-small:1.92%;--awb-spacing-left-small:1.92%;\"><div class=\"fusion-column-wrapper fusion-column-has-shadow fusion-flex-justify-content-flex-start fusion-content-layout-column\"><div class=\"fusion-title title fusion-title-2 fusion-sep-none fusion-title-text fusion-title-size-two\" style=\"--awb-margin-bottom:30px;\"><h2 class=\"fusion-title-heading title-heading-left\" style=\"margin:0;\">News<\/h2><\/div><div class=\"fusion-recent-posts fusion-recent-posts-1 avada-container layout-default layout-columns-3 fusion-recent-posts-infinite fusion-recent-posts-load-more\" data-pages=\"5\"><section class=\"fusion-columns columns fusion-columns-3 columns-3\"><article class=\"post fusion-column column col col-lg-4 col-md-4 col-sm-4\"><div class=\"fusion-flexslider fusion-flexslider-loading flexslider flexslider-hover-type-zoomin\"><ul class=\"slides\"><li><a href=\"https:\/\/greenglam.at\/en\/greenglam-bei-der-iconcmt-2024-die-sdgs-durch-augmented-reality-sichtbar-machen\/\" aria-label=\"GreenGLAM bei der IConCMT 2024: Die SDGs durch Augmented Reality sichtbar machen\" class=\"hover-type-zoomin\"><img decoding=\"async\" width=\"700\" height=\"441\" src=\"https:\/\/greenglam.at\/wp-content\/uploads\/2025\/12\/1-e1764773479881-700x441.jpg\" class=\"attachment-recent-posts size-recent-posts\" alt=\"Presentation of GreenGLAM at IConCMT conference\" srcset=\"https:\/\/greenglam.at\/wp-content\/uploads\/2025\/12\/1-e1764773479881-18x12.jpg 18w, https:\/\/greenglam.at\/wp-content\/uploads\/2025\/12\/1-e1764773479881-320x202.jpg 320w, https:\/\/greenglam.at\/wp-content\/uploads\/2025\/12\/1-e1764773479881-700x441.jpg 700w\" sizes=\"(max-width: 700px) 100vw, 700px\" \/><\/a><\/li><li><a href=\"https:\/\/greenglam.at\/en\/greenglam-bei-der-iconcmt-2024-die-sdgs-durch-augmented-reality-sichtbar-machen\/\" aria-label=\"GreenGLAM bei der IConCMT 2024: Die SDGs durch Augmented Reality sichtbar machen\" class=\"hover-type-zoomin\"><img decoding=\"async\" width=\"700\" height=\"441\" src=\"https:\/\/greenglam.at\/wp-content\/uploads\/2025\/12\/2-e1764773555973-700x441.jpg\" class=\"attachment-recent-posts size-recent-posts\" alt=\"IconCMT Paneldiscussion\" srcset=\"https:\/\/greenglam.at\/wp-content\/uploads\/2025\/12\/2-e1764773555973-18x10.jpg 18w, https:\/\/greenglam.at\/wp-content\/uploads\/2025\/12\/2-e1764773555973-320x202.jpg 320w, https:\/\/greenglam.at\/wp-content\/uploads\/2025\/12\/2-e1764773555973-700x441.jpg 700w\" sizes=\"(max-width: 700px) 100vw, 700px\" \/><\/a><\/li><\/ul><\/div><div class=\"recent-posts-content\"><span class=\"vcard\" style=\"display: none;\"><span class=\"fn\"><a href=\"https:\/\/greenglam.at\/en\/author\/es\/\" title=\"Posts by Emilia Schuetzenhofer\" rel=\"author\">Emilia Schuetzenhofer<\/a><\/span><\/span><span class=\"updated\" style=\"display:none;\">2025-12-03T14:58:33+00:00<\/span><h4 class=\"entry-title\"><a href=\"https:\/\/greenglam.at\/en\/greenglam-bei-der-iconcmt-2024-die-sdgs-durch-augmented-reality-sichtbar-machen\/\">GreenGLAM bei der IConCMT 2024: Die SDGs durch Augmented Reality sichtbar machen<\/a><\/h4><p class=\"meta\"><span class=\"vcard\" style=\"display: none;\"><span class=\"fn\"><a href=\"https:\/\/greenglam.at\/en\/author\/es\/\" title=\"Posts by Emilia Schuetzenhofer\" rel=\"author\">Emilia Schuetzenhofer<\/a><\/span><\/span><span class=\"updated\" style=\"display:none;\">2025-12-03T14:58:33+00:00<\/span><span>2025-12-03<\/span><span class=\"fusion-inline-sep\">|<\/span><\/p><p>Am 27. November 2024 pr\u00e4sentierten die GreenGLAM-Partnerinnen Marina Lima Medeiros von VRVis und Sylvia Petrovic-Majer von OpenGLAM die neuesten Entwicklungen des Projekts auf der International Conference on Creative\/Media\/Technologies (IConCMT) an der Fachhochschule St. P\u00f6lten. Die Konferenz, [...]<\/p><\/div><\/article><article class=\"post fusion-column column col col-lg-4 col-md-4 col-sm-4\"><div class=\"fusion-flexslider fusion-flexslider-loading flexslider flexslider-hover-type-zoomin\"><ul class=\"slides\"><li><a href=\"https:\/\/greenglam.at\/en\/digitale-innovation-trifft-nachhaltigkeit-greenglam-beim-digiroundtable\/\" aria-label=\"Digital Innovation Meets Sustainability: GreenGLAM at the #digiRoundtable\" class=\"hover-type-zoomin\"><img decoding=\"async\" width=\"700\" height=\"441\" src=\"https:\/\/greenglam.at\/wp-content\/uploads\/2025\/11\/IMG_6126-700x441.jpeg\" class=\"attachment-recent-posts size-recent-posts\" alt=\"pr\u00e4sentation von GreenGLAM Dashboard mit Screenshot und Speakerin\" srcset=\"https:\/\/greenglam.at\/wp-content\/uploads\/2025\/11\/IMG_6126-320x202.jpeg 320w, https:\/\/greenglam.at\/wp-content\/uploads\/2025\/11\/IMG_6126-700x441.jpeg 700w\" sizes=\"(max-width: 700px) 100vw, 700px\" \/><\/a><\/li><\/ul><\/div><div class=\"recent-posts-content\"><span class=\"vcard\" style=\"display: none;\"><span class=\"fn\"><a href=\"https:\/\/greenglam.at\/en\/author\/es\/\" title=\"Posts by Emilia Schuetzenhofer\" rel=\"author\">Emilia Schuetzenhofer<\/a><\/span><\/span><span class=\"updated\" style=\"display:none;\">2025-12-19T09:10:00+00:00<\/span><h4 class=\"entry-title\"><a href=\"https:\/\/greenglam.at\/en\/digitale-innovation-trifft-nachhaltigkeit-greenglam-beim-digiroundtable\/\">Digital Innovation Meets Sustainability: GreenGLAM at the #digiRoundtable<\/a><\/h4><p class=\"meta\"><span class=\"vcard\" style=\"display: none;\"><span class=\"fn\"><a href=\"https:\/\/greenglam.at\/en\/author\/es\/\" title=\"Posts by Emilia Schuetzenhofer\" rel=\"author\">Emilia Schuetzenhofer<\/a><\/span><\/span><span class=\"updated\" style=\"display:none;\">2025-12-19T09:10:00+00:00<\/span><span>2025-11-25<\/span><span class=\"fusion-inline-sep\">|<\/span><\/p><p>Beim k\u00fcrzlich vom Museumsbund \u00d6sterreich veranstalteten #digiRoundtable hatten wir die Gelegenheit, den aktuellen Entwicklungsstand von GreenGLAM vorzustellen. Wir bedanken uns herzlich beim Museumsbund \u00d6sterreich f\u00fcr die Einladung und daf\u00fcr, dass er eine inspirierende Plattform bereitgestellt hat, [...]<\/p><\/div><\/article><article class=\"post fusion-column column col col-lg-4 col-md-4 col-sm-4\"><div class=\"fusion-flexslider fusion-flexslider-loading flexslider flexslider-hover-type-zoomin\"><ul class=\"slides\"><li><a href=\"https:\/\/greenglam.at\/en\/greenglam-bei-der-chnt30-kulturelles-erbe-trifft-auf-nachhaltigkeitsziele\/\" aria-label=\"GreenGLAM at CHNT30: Connecting Cultural Heritage with the Sustainable Development Goals\" class=\"hover-type-zoomin\"><img decoding=\"async\" width=\"700\" height=\"441\" src=\"https:\/\/greenglam.at\/wp-content\/uploads\/2025\/08\/Vorlage-DIO-Events-1024x576-14-1-700x441.jpg\" class=\"attachment-recent-posts size-recent-posts\" alt=\"\" srcset=\"https:\/\/greenglam.at\/wp-content\/uploads\/2025\/08\/Vorlage-DIO-Events-1024x576-14-1-320x202.jpg 320w, https:\/\/greenglam.at\/wp-content\/uploads\/2025\/08\/Vorlage-DIO-Events-1024x576-14-1-700x441.jpg 700w\" sizes=\"(max-width: 700px) 100vw, 700px\" \/><\/a><\/li><li><a href=\"https:\/\/greenglam.at\/en\/greenglam-bei-der-chnt30-kulturelles-erbe-trifft-auf-nachhaltigkeitsziele\/\" aria-label=\"GreenGLAM at CHNT30: Connecting Cultural Heritage with the Sustainable Development Goals\" class=\"hover-type-zoomin\"><img decoding=\"async\" width=\"700\" height=\"441\" src=\"https:\/\/greenglam.at\/wp-content\/uploads\/2025\/11\/IMG_6082-700x441.jpeg\" class=\"attachment-recent-posts size-recent-posts\" alt=\"\" srcset=\"https:\/\/greenglam.at\/wp-content\/uploads\/2025\/11\/IMG_6082-320x202.jpeg 320w, https:\/\/greenglam.at\/wp-content\/uploads\/2025\/11\/IMG_6082-700x441.jpeg 700w\" sizes=\"(max-width: 700px) 100vw, 700px\" \/><\/a><\/li><\/ul><\/div><div class=\"recent-posts-content\"><span class=\"vcard\" style=\"display: none;\"><span class=\"fn\"><a href=\"https:\/\/greenglam.at\/en\/author\/es\/\" title=\"Posts by Emilia Schuetzenhofer\" rel=\"author\">Emilia Schuetzenhofer<\/a><\/span><\/span><span class=\"updated\" style=\"display:none;\">2025-11-26T08:02:14+00:00<\/span><h4 class=\"entry-title\"><a href=\"https:\/\/greenglam.at\/en\/greenglam-bei-der-chnt30-kulturelles-erbe-trifft-auf-nachhaltigkeitsziele\/\">GreenGLAM at CHNT30: Connecting Cultural Heritage with the Sustainable Development Goals<\/a><\/h4><p class=\"meta\"><span class=\"vcard\" style=\"display: none;\"><span class=\"fn\"><a href=\"https:\/\/greenglam.at\/en\/author\/es\/\" title=\"Posts by Emilia Schuetzenhofer\" rel=\"author\">Emilia Schuetzenhofer<\/a><\/span><\/span><span class=\"updated\" style=\"display:none;\">2025-11-26T08:02:14+00:00<\/span><span>2025-11-06<\/span><span class=\"fusion-inline-sep\">|<\/span><\/p><p>Am 4. Mai 2025 wurde das GreenGLAM-Projekt auf der CHNT30 Conference on Cultural Heritage and New Technologies in Wien von Lyndon Nixon von MODUL Technology GmbH vorgestellt. Der Vortrag mit dem Titel \u201eRevealing Heritage Collections\u2019 Relevance [...]<\/p><\/div><\/article><\/section><div class=\"fusion-infinite-scroll-trigger\"><\/div><div class=\"pagination infinite-scroll clearfix\" style=\"display:none;\"><span class=\"current\">1<\/span><a href=\"https:\/\/greenglam.at\/en\/wp-json\/wp\/v2\/pages\/60\/page\/2\/\" class=\"inactive\">2<\/a><a class=\"pagination-next\" rel=\"next\" href=\"https:\/\/greenglam.at\/en\/wp-json\/wp\/v2\/pages\/60\/page\/2\/\"><span class=\"page-text\">Next<\/span><span class=\"page-next\"><\/span><\/a><\/div><div class=\"fusion-clearfix\"><\/div><button class=\"fusion-load-more-button fusion-blog-button fusion-clearfix\">Load More Posts<\/button><\/div><\/div><\/div><\/div><\/div><\/div><div id=\"events\" class=\"fusion-container-anchor\"><div class=\"fusion-fullwidth fullwidth-box fusion-builder-row-3 fusion-flex-container has-pattern-background has-mask-background nonhundred-percent-fullwidth non-hundred-percent-height-scrolling\" style=\"--awb-border-radius-top-left:0px;--awb-border-radius-top-right:0px;--awb-border-radius-bottom-right:0px;--awb-border-radius-bottom-left:0px;--awb-padding-top:30px;--awb-padding-bottom:30px;--awb-background-color:rgba(229,229,229,0.44);--awb-flex-wrap:wrap;\" ><div class=\"fusion-builder-row fusion-row fusion-flex-align-items-flex-start fusion-flex-content-wrap\" style=\"max-width:1248px;margin-left: calc(-4% \/ 2 );margin-right: calc(-4% \/ 2 );\"><div class=\"fusion-layout-column fusion_builder_column fusion-builder-column-2 fusion_builder_column_1_1 1_1 fusion-flex-column\" style=\"--awb-bg-size:cover;--awb-width-large:100%;--awb-margin-top-large:0px;--awb-spacing-right-large:1.92%;--awb-margin-bottom-large:20px;--awb-spacing-left-large:1.92%;--awb-width-medium:100%;--awb-order-medium:0;--awb-spacing-right-medium:1.92%;--awb-spacing-left-medium:1.92%;--awb-width-small:100%;--awb-order-small:0;--awb-spacing-right-small:1.92%;--awb-spacing-left-small:1.92%;\"><div class=\"fusion-column-wrapper fusion-column-has-shadow fusion-flex-justify-content-flex-start fusion-content-layout-column\"><div class=\"fusion-title title fusion-title-3 fusion-sep-none fusion-title-text fusion-title-size-two\"><h2 class=\"fusion-title-heading title-heading-left\" style=\"margin:0;\">Press and downloads<\/h2><\/div><div class=\"fusion-builder-row fusion-builder-row-inner fusion-row fusion-flex-align-items-flex-start fusion-flex-content-wrap\" style=\"width:104% !important;max-width:104% !important;margin-left: calc(-4% \/ 2 );margin-right: calc(-4% \/ 2 );\"><div class=\"fusion-layout-column fusion_builder_column_inner fusion-builder-nested-column-0 fusion_builder_column_inner_1_4 1_4 fusion-flex-column\" style=\"--awb-bg-size:cover;--awb-width-large:25%;--awb-margin-top-large:0px;--awb-spacing-right-large:7.68%;--awb-margin-bottom-large:20px;--awb-spacing-left-large:7.68%;--awb-width-medium:25%;--awb-order-medium:0;--awb-spacing-right-medium:7.68%;--awb-spacing-left-medium:7.68%;--awb-width-small:100%;--awb-order-small:0;--awb-spacing-right-small:1.92%;--awb-spacing-left-small:1.92%;\"><div class=\"fusion-column-wrapper fusion-column-has-shadow fusion-flex-justify-content-flex-start fusion-content-layout-column\"><div class=\"fusion-image-element\" style=\"--awb-caption-title-font-family:var(--h2_typography-font-family);--awb-caption-title-font-weight:var(--h2_typography-font-weight);--awb-caption-title-font-style:var(--h2_typography-font-style);--awb-caption-title-size:var(--h2_typography-font-size);--awb-caption-title-transform:var(--h2_typography-text-transform);--awb-caption-title-line-height:var(--h2_typography-line-height);--awb-caption-title-letter-spacing:var(--h2_typography-letter-spacing);\"><span class=\"fusion-imageframe imageframe-none imageframe-1 hover-type-none\"><a class=\"fusion-no-lightbox\" href=\"https:\/\/greenglam.at\/wp-content\/uploads\/2024\/09\/dio_240806_GreenGlam_One-Pager_A4-1.pdf\" target=\"_self\" aria-label=\"dio_240806_GreenGlam_One-Pager_A4 (1)\"><img decoding=\"async\" width=\"724\" height=\"1024\" src=\"https:\/\/greenglam.at\/wp-content\/uploads\/2024\/09\/dio_240806_GreenGlam_One-Pager_A4-1-2-pdf-724x1024.jpg\" alt class=\"img-responsive wp-image-1021\"\/><\/a><\/span><\/div><\/div><\/div><div class=\"fusion-layout-column fusion_builder_column_inner fusion-builder-nested-column-1 fusion_builder_column_inner_1_4 1_4 fusion-flex-column\" style=\"--awb-bg-size:cover;--awb-width-large:25%;--awb-margin-top-large:0px;--awb-spacing-right-large:7.68%;--awb-margin-bottom-large:20px;--awb-spacing-left-large:7.68%;--awb-width-medium:25%;--awb-order-medium:0;--awb-spacing-right-medium:7.68%;--awb-spacing-left-medium:7.68%;--awb-width-small:100%;--awb-order-small:0;--awb-spacing-right-small:1.92%;--awb-spacing-left-small:1.92%;\"><div class=\"fusion-column-wrapper fusion-column-has-shadow fusion-flex-justify-content-flex-start fusion-content-layout-column\"><\/div><\/div><div class=\"fusion-layout-column fusion_builder_column_inner fusion-builder-nested-column-2 fusion_builder_column_inner_1_4 1_4 fusion-flex-column\" style=\"--awb-bg-size:cover;--awb-width-large:25%;--awb-margin-top-large:0px;--awb-spacing-right-large:7.68%;--awb-margin-bottom-large:20px;--awb-spacing-left-large:7.68%;--awb-width-medium:25%;--awb-order-medium:0;--awb-spacing-right-medium:7.68%;--awb-spacing-left-medium:7.68%;--awb-width-small:100%;--awb-order-small:0;--awb-spacing-right-small:1.92%;--awb-spacing-left-small:1.92%;\"><div class=\"fusion-column-wrapper fusion-column-has-shadow fusion-flex-justify-content-flex-start fusion-content-layout-column\"><\/div><\/div><div class=\"fusion-layout-column fusion_builder_column_inner fusion-builder-nested-column-3 fusion_builder_column_inner_1_4 1_4 fusion-flex-column\" style=\"--awb-bg-size:cover;--awb-width-large:25%;--awb-margin-top-large:0px;--awb-spacing-right-large:7.68%;--awb-margin-bottom-large:20px;--awb-spacing-left-large:7.68%;--awb-width-medium:25%;--awb-order-medium:0;--awb-spacing-right-medium:7.68%;--awb-spacing-left-medium:7.68%;--awb-width-small:100%;--awb-order-small:0;--awb-spacing-right-small:1.92%;--awb-spacing-left-small:1.92%;\"><div class=\"fusion-column-wrapper fusion-column-has-shadow fusion-flex-justify-content-flex-start fusion-content-layout-column\"><\/div><\/div><\/div><\/div><\/div><\/div><\/div><\/div><\/p>","protected":false},"excerpt":{"rendered":"","protected":false},"author":1,"featured_media":0,"parent":0,"menu_order":0,"comment_status":"closed","ping_status":"closed","template":"100-width.php","meta":{"footnotes":""},"class_list":["post-60","page","type-page","status-publish","hentry"],"yoast_head":"<!-- This site is optimized with the Yoast SEO plugin v26.3 - https:\/\/yoast.com\/wordpress\/plugins\/seo\/ -->\n<title>News and Events - GreenGLAM<\/title>\n<meta name=\"robots\" content=\"index, follow, max-snippet:-1, max-image-preview:large, max-video-preview:-1\" \/>\n<link rel=\"canonical\" href=\"https:\/\/greenglam.at\/en\/news-and-events\/\" \/>\n<meta property=\"og:locale\" content=\"en_GB\" \/>\n<meta property=\"og:type\" content=\"article\" \/>\n<meta property=\"og:title\" content=\"News and Events - GreenGLAM\" \/>\n<meta property=\"og:url\" content=\"https:\/\/greenglam.at\/en\/news-and-events\/\" \/>\n<meta property=\"og:site_name\" content=\"GreenGLAM\" \/>\n<meta property=\"article:modified_time\" content=\"2024-12-06T10:05:23+00:00\" \/>\n<meta name=\"twitter:card\" content=\"summary_large_image\" \/>\n<meta name=\"twitter:label1\" content=\"Estimated reading time\" \/>\n\t<meta name=\"twitter:data1\" content=\"4 minutes\" \/>\n<script type=\"application\/ld+json\" class=\"yoast-schema-graph\">{\"@context\":\"https:\/\/schema.org\",\"@graph\":[{\"@type\":\"WebPage\",\"@id\":\"https:\/\/greenglam.at\/news-and-events\/\",\"url\":\"https:\/\/greenglam.at\/news-and-events\/\",\"name\":\"News and Events - GreenGLAM\",\"isPartOf\":{\"@id\":\"https:\/\/greenglam.at\/#website\"},\"datePublished\":\"2023-02-23T21:34:38+00:00\",\"dateModified\":\"2024-12-06T10:05:23+00:00\",\"breadcrumb\":{\"@id\":\"https:\/\/greenglam.at\/news-and-events\/#breadcrumb\"},\"inLanguage\":\"en-GB\",\"potentialAction\":[{\"@type\":\"ReadAction\",\"target\":[\"https:\/\/greenglam.at\/news-and-events\/\"]}]},{\"@type\":\"BreadcrumbList\",\"@id\":\"https:\/\/greenglam.at\/news-and-events\/#breadcrumb\",\"itemListElement\":[{\"@type\":\"ListItem\",\"position\":1,\"name\":\"Home\",\"item\":\"https:\/\/greenglam.at\/\"},{\"@type\":\"ListItem\",\"position\":2,\"name\":\"News and Events\"}]},{\"@type\":\"WebSite\",\"@id\":\"https:\/\/greenglam.at\/#website\",\"url\":\"https:\/\/greenglam.at\/\",\"name\":\"GreenGLAM\",\"description\":\"\",\"potentialAction\":[{\"@type\":\"SearchAction\",\"target\":{\"@type\":\"EntryPoint\",\"urlTemplate\":\"https:\/\/greenglam.at\/?s={search_term_string}\"},\"query-input\":{\"@type\":\"PropertyValueSpecification\",\"valueRequired\":true,\"valueName\":\"search_term_string\"}}],\"inLanguage\":\"en-GB\"}]}<\/script>\n<!-- \/ Yoast SEO plugin. -->","yoast_head_json":{"title":"News and Events - GreenGLAM","robots":{"index":"index","follow":"follow","max-snippet":"max-snippet:-1","max-image-preview":"max-image-preview:large","max-video-preview":"max-video-preview:-1"},"canonical":"https:\/\/greenglam.at\/en\/news-and-events\/","og_locale":"en_GB","og_type":"article","og_title":"News and Events - GreenGLAM","og_url":"https:\/\/greenglam.at\/en\/news-and-events\/","og_site_name":"GreenGLAM","article_modified_time":"2024-12-06T10:05:23+00:00","twitter_card":"summary_large_image","twitter_misc":{"Estimated reading time":"4 minutes"},"schema":{"@context":"https:\/\/schema.org","@graph":[{"@type":"WebPage","@id":"https:\/\/greenglam.at\/news-and-events\/","url":"https:\/\/greenglam.at\/news-and-events\/","name":"News and Events - GreenGLAM","isPartOf":{"@id":"https:\/\/greenglam.at\/#website"},"datePublished":"2023-02-23T21:34:38+00:00","dateModified":"2024-12-06T10:05:23+00:00","breadcrumb":{"@id":"https:\/\/greenglam.at\/news-and-events\/#breadcrumb"},"inLanguage":"en-GB","potentialAction":[{"@type":"ReadAction","target":["https:\/\/greenglam.at\/news-and-events\/"]}]},{"@type":"BreadcrumbList","@id":"https:\/\/greenglam.at\/news-and-events\/#breadcrumb","itemListElement":[{"@type":"ListItem","position":1,"name":"Home","item":"https:\/\/greenglam.at\/"},{"@type":"ListItem","position":2,"name":"News and Events"}]},{"@type":"WebSite","@id":"https:\/\/greenglam.at\/#website","url":"https:\/\/greenglam.at\/","name":"GreenGLAM project","description":"","potentialAction":[{"@type":"SearchAction","target":{"@type":"EntryPoint","urlTemplate":"https:\/\/greenglam.at\/?s={search_term_string}"},"query-input":{"@type":"PropertyValueSpecification","valueRequired":true,"valueName":"search_term_string"}}],"inLanguage":"en-GB"}]}},"_links":{"self":[{"href":"https:\/\/greenglam.at\/en\/wp-json\/wp\/v2\/pages\/60","targetHints":{"allow":["GET"]}}],"collection":[{"href":"https:\/\/greenglam.at\/en\/wp-json\/wp\/v2\/pages"}],"about":[{"href":"https:\/\/greenglam.at\/en\/wp-json\/wp\/v2\/types\/page"}],"author":[{"embeddable":true,"href":"https:\/\/greenglam.at\/en\/wp-json\/wp\/v2\/users\/1"}],"replies":[{"embeddable":true,"href":"https:\/\/greenglam.at\/en\/wp-json\/wp\/v2\/comments?post=60"}],"version-history":[{"count":30,"href":"https:\/\/greenglam.at\/en\/wp-json\/wp\/v2\/pages\/60\/revisions"}],"predecessor-version":[{"id":952,"href":"https:\/\/greenglam.at\/en\/wp-json\/wp\/v2\/pages\/60\/revisions\/952"}],"wp:attachment":[{"href":"https:\/\/greenglam.at\/en\/wp-json\/wp\/v2\/media?parent=60"}],"curies":[{"name":"wp","href":"https:\/\/api.w.org\/{rel}","templated":true}]}}